{"id":367,"date":"2018-03-31T15:28:43","date_gmt":"2018-03-31T15:28:43","guid":{"rendered":"http:\/\/judojablonec.cz\/?page_id=367"},"modified":"2018-04-01T17:52:29","modified_gmt":"2018-04-01T17:52:29","slug":"facebook-2","status":"publish","type":"page","link":"https:\/\/judojablonec.cz\/?page_id=367","title":{"rendered":"Facebook"},"content":{"rendered":"<div class=\"cff-wrapper\"><div id=\"cff\" data-char=\"400\" class=\"cff  cff-thumb-layout cff-timeline-feed cff-pag  cff-lb\"  data-fb-text=\"Prohledni si na FB\" data-offset=\"\" data-own-token=\"true\" data-grid-pag=\"cursor\" data-lb-comments=\"true\" data-pag-num=\"10\" data-cff-shortcode=\"\"><section class=\"cff-likebox cff-top\" ><script src=\"https:\/\/connect.facebook.net\/cs_CZ\/all.js#xfbml=1&appId=\"><\/script><div class=\"fb-page\" data-href=\"https:\/\/www.facebook.com\/823630670996095\" data-width=\"\" data-hide-cover=\"false\" data-show-facepile=\"false\" data-small-header=\"false\" data-hide-cta=\"false\" data-show-posts=\"false\" data-adapt-container-width=\"true\"><div class=\"fb-xfbml-parse-ignore\"><blockquote cite=\"https:\/\/www.facebook.com\/823630670996095\"><a href=\"https:\/\/www.facebook.com\/823630670996095\">Prohledni si na FB<\/a><\/blockquote><\/div><\/div><div id=\"fb-root\"><\/div><\/section><div class=\"cff-posts-wrap\"><div class='cff-error-msg'><p><b>This message is only visible to admins:<\/b><br \/>Unable to display Facebook posts<\/p><div id=\"cff-error-reason\"><b>Error:<\/b> Error validating access token: Sessions for the user are not allowed because the user is not a confirmed user.<br \/><b>Type:<\/b> OAuthException<br \/><b>Code:<\/b> 190<br \/>Subcode: 464<br \/><a href=\"https:\/\/smashballoon.com\/custom-facebook-feed\/docs\/errors\/\" target=\"_blank\">Click here to Troubleshoot<\/a>.<\/div><\/div><\/div><\/div><div class=\"cff-clear\"><\/div><\/div>\n","protected":false},"excerpt":{"rendered":"","protected":false},"author":2,"featured_media":0,"parent":0,"menu_order":0,"comment_status":"closed","ping_status":"closed","template":"","meta":{"ngg_post_thumbnail":0,"spay_email":""},"jetpack_sharing_enabled":true,"jetpack_shortlink":"https:\/\/wp.me\/P9NoP2-5V","jetpack_likes_enabled":false,"jetpack-related-posts":[{"id":454,"url":"https:\/\/judojablonec.cz\/?page_id=454","url_meta":{"origin":367,"position":0},"title":"Fotoalba z FB","date":"2. 4. 2018","format":false,"excerpt":"a dal\u0161\u00ed fotky na http:\/\/judojablonec.rajce.net\/","rel":"","context":"Similar post","img":{"alt_text":"","src":"","width":0,"height":0},"classes":[]},{"id":933,"url":"https:\/\/judojablonec.cz\/?page_id=933","url_meta":{"origin":367,"position":1},"title":"INFORMACE O ZPRACOV\u00c1N\u00cd OSOBN\u00cdCH \u00daDAJ\u016e a SOUHLAS S JEJICH ZPRACOV\u00c1N\u00cdM","date":"18. 5. 2018","format":false,"excerpt":"\u00a0 \u00a0 v\u00a0souladu s\u00a0Na\u0159\u00edzen\u00edm Evropsk\u00e9ho parlamentu a Rady (EU) 2016\/679 ze dne 27. dubna 2016 O ochran\u011b fyzick\u00fdch osob v\u00a0souvislosti se zpracov\u00e1n\u00edm osobn\u00edch \u00fadaj\u016f a voln\u00e9m pohybu t\u011bchto \u00fadaj\u016f a o zru\u0161en\u00ed sm\u011brnice 95\/46\/ES\u00a0 (d\u00e1le jen \u201eNa\u0159\u00edzen\u00ed\u201c) Jsem informov\u00e1n\/a, \u017ee v\u00a0souvislosti s\u00a0m\u00fdm \u010dlenstv\u00edm v :\u00a0 Judo klub Jablonec nad Nisou,\u2026","rel":"","context":"Similar post","img":{"alt_text":"","src":"","width":0,"height":0},"classes":[]}],"_links":{"self":[{"href":"https:\/\/judojablonec.cz\/index.php?rest_route=\/wp\/v2\/pages\/367"}],"collection":[{"href":"https:\/\/judojablonec.cz\/index.php?rest_route=\/wp\/v2\/pages"}],"about":[{"href":"https:\/\/judojablonec.cz\/index.php?rest_route=\/wp\/v2\/types\/page"}],"author":[{"embeddable":true,"href":"https:\/\/judojablonec.cz\/index.php?rest_route=\/wp\/v2\/users\/2"}],"replies":[{"embeddable":true,"href":"https:\/\/judojablonec.cz\/index.php?rest_route=%2Fwp%2Fv2%2Fcomments&post=367"}],"version-history":[{"count":2,"href":"https:\/\/judojablonec.cz\/index.php?rest_route=\/wp\/v2\/pages\/367\/revisions"}],"predecessor-version":[{"id":369,"href":"https:\/\/judojablonec.cz\/index.php?rest_route=\/wp\/v2\/pages\/367\/revisions\/369"}],"wp:attachment":[{"href":"https:\/\/judojablonec.cz\/index.php?rest_route=%2Fwp%2Fv2%2Fmedia&parent=367"}],"curies":[{"name":"wp","href":"https:\/\/api.w.org\/{rel}","templated":true}]}}